{"id":25251,"date":"2026-03-12T19:03:39","date_gmt":"2026-03-13T01:03:39","guid":{"rendered":"https:\/\/v2.nrgibroker.com\/contact\/"},"modified":"2026-04-06T08:55:17","modified_gmt":"2026-04-06T14:55:17","slug":"contact","status":"publish","type":"page","link":"https:\/\/v2.nrgibroker.com\/en\/contact\/","title":{"rendered":"Contact"},"content":{"rendered":"\n<style type=\"text\/css\" data-created_by=\"avia_inline_auto\" id=\"style-css-av-14dsgq8-eb113fc671d8efd7dc8eb8f6412066cb\">\n.avia-section.av-14dsgq8-eb113fc671d8efd7dc8eb8f6412066cb{\nmargin-top:120px;\nmargin-bottom:0px;\n}\n.avia-section.av-14dsgq8-eb113fc671d8efd7dc8eb8f6412066cb .av-parallax .av-parallax-inner{\nbackground-color:#202945;\nbackground-image:url(https:\/\/v2.nrgibroker.com\/wp-content\/uploads\/2026\/04\/frame-angel.webp);\nbackground-repeat:no-repeat;\nbackground-position:50% 100%;\nbackground-attachment:scroll;\n}\n<\/style>\n<div id='av_section_1'  class='avia-section av-14dsgq8-eb113fc671d8efd7dc8eb8f6412066cb main_color avia-section-no-padding avia-no-border-styling  avia-builder-el-0  el_before_av_section  avia-builder-el-first  hero av-medium-hide av-small-hide av-mini-hide avia-full-stretch av-parallax-section avia-bg-style-parallax av-minimum-height av-minimum-height-custom av-height-custom  container_wrap fullsize'  data-section-bg-repeat='stretch' data-av_minimum_height_px='460'><div class='av-parallax' data-avia-parallax-ratio='0.3' ><div class='av-parallax-inner main_color avia-full-stretch'><\/div><\/div><div class='container av-section-cont-open' style='height:460px'><main  role=\"main\" itemprop=\"mainContentOfPage\"  class='template-page content  av-content-full alpha units'><div class='post-entry post-entry-type-page post-entry-25251'><div class='entry-content-wrapper clearfix'>\n<\/div><\/div><\/main><!-- close content main element --><\/div><\/div>\n<style type=\"text\/css\" data-created_by=\"avia_inline_auto\" id=\"style-css-av-mkw3024e-77dd2c1b831b0d94d7f04fad283db4bb\">\n.avia-section.av-mkw3024e-77dd2c1b831b0d94d7f04fad283db4bb{\nbackground-color:#202945;\nbackground-image:url(https:\/\/v2.nrgibroker.com\/wp-content\/uploads\/2026\/04\/frame-angel.webp);\nbackground-repeat:no-repeat;\nbackground-position:50% 50%;\nbackground-attachment:scroll;\nmargin-top:0px;\nmargin-bottom:0px;\n}\n\n@media only screen and (max-width: 479px){ \n.avia-section.av-mkw3024e-77dd2c1b831b0d94d7f04fad283db4bb{\nmargin-top:0px;\nmargin-bottom:0px;\n}\n}\n<\/style>\n<div id='av_section_2'  class='avia-section av-mkw3024e-77dd2c1b831b0d94d7f04fad283db4bb main_color avia-section-no-padding avia-no-border-styling  avia-builder-el-1  el_after_av_section  el_before_av_section  hero av-desktop-hide avia-full-stretch avia-bg-style-scroll av-minimum-height av-minimum-height-25 av-height-percent  container_wrap fullsize'  data-section-bg-repeat='stretch' data-av_minimum_height_pc='25' data-av_min_height_opt='percent'><div class='container av-section-cont-open' ><div class='template-page content  av-content-full alpha units'><div class='post-entry post-entry-type-page post-entry-25251'><div class='entry-content-wrapper clearfix'>\n<\/div><\/div><\/div><!-- close content main div --><\/div><\/div>\n<style type=\"text\/css\" data-created_by=\"avia_inline_auto\" id=\"style-css-av-d30ogk0-a8737fe868ab73013822906a32921d8f\">\n.avia-section.av-d30ogk0-a8737fe868ab73013822906a32921d8f{\nbackground-color:#f18a00;\nbackground-image:unset;\nmargin-top:-40px;\nmargin-bottom:0;\n}\n\n@media only screen and (min-width: 990px){ \n.avia-section.av-d30ogk0-a8737fe868ab73013822906a32921d8f{\nmargin-top:0;\nmargin-bottom:0;\n}\n}\n\n@media only screen and (min-width: 768px) and (max-width: 989px){ \n.avia-section.av-d30ogk0-a8737fe868ab73013822906a32921d8f{\nmargin-top:0;\nmargin-bottom:0;\n}\n}\n\n@media only screen and (min-width: 480px) and (max-width: 767px){ \n.avia-section.av-d30ogk0-a8737fe868ab73013822906a32921d8f{\nmargin-top:0;\nmargin-bottom:0;\n}\n}\n\n@media only screen and (max-width: 479px){ \n.avia-section.av-d30ogk0-a8737fe868ab73013822906a32921d8f{\nmargin-top:0px;\nmargin-bottom:0px;\n}\n}\n<\/style>\n<div id='av_section_3'  class='avia-section av-d30ogk0-a8737fe868ab73013822906a32921d8f header_color avia-section-no-padding avia-no-border-styling  avia-builder-el-2  el_after_av_section  el_before_av_layout_row  avia-bg-style-scroll container_wrap fullsize'  ><div class='container av-section-cont-open' ><div class='template-page content  av-content-full alpha units'><div class='post-entry post-entry-type-page post-entry-25251'><div class='entry-content-wrapper clearfix'>\n\n<style type=\"text\/css\" data-created_by=\"avia_inline_auto\" id=\"style-css-av-crlkncg-6a26d4fe95e13f7a4f087385535355a6\">\n#top .av_textblock_section.av-crlkncg-6a26d4fe95e13f7a4f087385535355a6 .avia_textblock{\nfont-size:22px;\npadding:0px 0 10px 0;\ncolor:#ffffff;\ntext-align:center;\n}\n\n@media only screen and (max-width: 479px){ \n#top .av_textblock_section.av-crlkncg-6a26d4fe95e13f7a4f087385535355a6 .avia_textblock{\nfont-size:20px;\n}\n}\n<\/style>\n<section  class='av_textblock_section av-crlkncg-6a26d4fe95e13f7a4f087385535355a6 '   itemscope=\"itemscope\" itemtype=\"https:\/\/schema.org\/CreativeWork\" ><div class='avia_textblock av_inherit_color'  itemprop=\"text\" ><p style=\"margin-top: -20px;\">A solid and reliable team<br \/>\nWhere energy becomes trust, movement becomes solutions, and efficiency becomes results.<\/p>\n<\/div><\/section>\n\n<\/div><\/div><\/div><!-- close content main div --><\/div><\/div><div id='av-layout-grid-1'  class='av-layout-grid-container av-23dyjqo-6a515ffda3725e32d15b1b2158e34da8 entry-content-wrapper main_color av-flex-cells  avia-builder-el-4  el_after_av_section  el_before_av_layout_row  no-column text av-cell-min-height av-cell-min-height-50 grid-row-not-first  container_wrap fullsize'   data-av_minimum_height_pc='50'>\n\n<style type=\"text\/css\" data-created_by=\"avia_inline_auto\" id=\"style-css-av-1r2abqo-694ff01d58ac5ad2a380b7f50ab76e8a\">\n.flex_cell.av-1r2abqo-694ff01d58ac5ad2a380b7f50ab76e8a{\nvertical-align:top;\nbackground:url(https:\/\/v2.nrgibroker.com\/wp-content\/uploads\/2017\/11\/6Contact-grid.jpg) 50% 100% no-repeat local ;\n}\n.responsive #top #wrap_all .flex_cell.av-1r2abqo-694ff01d58ac5ad2a380b7f50ab76e8a{\npadding:0px 0px 0px 0px !important;\n}\n<\/style>\n<div class='flex_cell av-1r2abqo-694ff01d58ac5ad2a380b7f50ab76e8a av-gridrow-cell av_one_half no_margin  avia-builder-el-5  el_before_av_cell_one_half  avia-builder-el-first  text-block content-align-top av-zero-padding avia-full-stretch'  ><div class='flex_cell_inner'><\/div><\/div>\n<style type=\"text\/css\" data-created_by=\"avia_inline_auto\" id=\"style-css-av-13p79g0-71f0d2f92156a1dade722bb0a41b97fd\">\n.flex_cell.av-13p79g0-71f0d2f92156a1dade722bb0a41b97fd{\nvertical-align:top;\nbackground:url(https:\/\/v2.nrgibroker.com\/wp-content\/uploads\/2026\/01\/fondo-textura-oil-gray-2-1030x922.jpg) 0% 0% no-repeat scroll ;\n}\n.responsive #top #wrap_all .flex_cell.av-13p79g0-71f0d2f92156a1dade722bb0a41b97fd{\npadding:60px 80px 60px 100px !important;\n}\n\n@media only screen and (max-width: 479px){ \n.responsive #top #wrap_all .flex_cell.av-13p79g0-71f0d2f92156a1dade722bb0a41b97fd{\npadding:40px 40px 40px 40px !important;\n}\n}\n<\/style>\n<div class='flex_cell av-13p79g0-71f0d2f92156a1dade722bb0a41b97fd av-gridrow-cell av_one_half no_margin  avia-builder-el-6  el_after_av_cell_one_half  avia-builder-el-last  text-block content-align-top'  ><div class='flex_cell_inner'><p>\n<style type=\"text\/css\" data-created_by=\"avia_inline_auto\" id=\"style-css-av-39f5uuo-992885270b143c6cc006c0cad170fcee\">\n#top .av-special-heading.av-39f5uuo-992885270b143c6cc006c0cad170fcee{\nmargin:0 0 40px 0;\npadding-bottom:0;\ncolor:#202945;\n}\nbody .av-special-heading.av-39f5uuo-992885270b143c6cc006c0cad170fcee .av-special-heading-tag .heading-char{\nfont-size:25px;\n}\n#top #wrap_all .av-special-heading.av-39f5uuo-992885270b143c6cc006c0cad170fcee .av-special-heading-tag{\npadding:0 0 0 0;\n}\n.av-special-heading.av-39f5uuo-992885270b143c6cc006c0cad170fcee .special-heading-inner-border{\nborder-color:#f18900;\n}\n.av-special-heading.av-39f5uuo-992885270b143c6cc006c0cad170fcee .av-subheading{\nfont-size:15px;\n}\nbody .av-special-heading.av-39f5uuo-992885270b143c6cc006c0cad170fcee .av-special-heading-tag .heading-wrap:before{\nborder-color:#f18900;\n}\nbody .av-special-heading.av-39f5uuo-992885270b143c6cc006c0cad170fcee .av-special-heading-tag .heading-wrap:after{\nborder-color:#f18900;\n}\n<\/style>\n<div  class='av-special-heading av-39f5uuo-992885270b143c6cc006c0cad170fcee av-special-heading-h2 custom-color-heading  avia-builder-el-7  el_before_av_contact  avia-builder-el-first '><h2 class='av-special-heading-tag '  itemprop=\"headline\"  >Contact us<\/h2><div class=\"special-heading-border\"><div class=\"special-heading-inner-border\"><\/div><\/div><\/div><br \/>\n<form action=\"https:\/\/v2.nrgibroker.com\/en\/contact\/\" method=\"post\" data-fields-with-error=\"Found errors in the following field(s):\" class=\"avia_ajax_form av-form-labels-hidden   avia-builder-el-8  el_after_av_heading  avia-builder-el-last   \" data-avia-form-id=\"1\" data-avia-redirect='' ><fieldset><p class='  first_form  form_element form_fullwidth' id='element_avia_1_1'><label for=\"avia_1_1\">Full Name <abbr class=\"required\" title=\"required\">*<\/abbr><\/label> <input name=\"avia_1_1\" class=\"text_input is_empty\" type=\"text\" id=\"avia_1_1\" value=\"\"  placeholder='Full Name*'\/><\/p><p class='  first_form  form_element form_fullwidth' id='element_avia_2_1'><label for=\"avia_2_1\">Email <abbr class=\"required\" title=\"required\">*<\/abbr><\/label> <input name=\"avia_2_1\" class=\"text_input is_email\" type=\"text\" id=\"avia_2_1\" value=\"\"  placeholder='Email*'\/><\/p><p class='  first_form  form_element form_fullwidth' id='element_avia_3_1'><label for=\"avia_3_1\">Phone <abbr class=\"required\" title=\"required\">*<\/abbr><\/label> <input name=\"avia_3_1\" class=\"text_input is_empty\" type=\"text\" id=\"avia_3_1\" value=\"\"  placeholder='Phone*'\/><\/p><p class='  first_form  form_element form_fullwidth' id='element_avia_4_1'><label for=\"avia_4_1\">Company<\/label> <input name=\"avia_4_1\" class=\"text_input \" type=\"text\" id=\"avia_4_1\" value=\"\"  placeholder='Company'\/><\/p><p class='  first_form  form_element form_fullwidth' id='element_avia_5_1'><label for=\"avia_5_1\">Position<\/label> <input name=\"avia_5_1\" class=\"text_input \" type=\"text\" id=\"avia_5_1\" value=\"\"  placeholder='Position'\/><\/p><p class='  first_form  form_element form_fullwidth' id='element_avia_6_1'><label for=\"avia_6_1\" class=\"textare_label hidden textare_label_avia_6_1\">Comments<\/label><textarea  placeholder='Comments' name=\"avia_6_1\" class=\"text_area \" cols=\"40\" rows=\"7\" id=\"avia_6_1\" ><\/textarea><\/p><p class=\"hidden\"><input type=\"text\" name=\"avia_7_1\" class=\"hidden \" id=\"avia_7_1\" value=\"\" \/><\/p><p class='   form_element form_fullwidth' id='element_avia_8_1'><span class='value_verifier_label'>5 + 0 = ?<\/span><input name=\"avia_8_1_verifier\" type=\"hidden\" id=\"avia_8_1_verifier\" value=\"845685315\"\/><label for=\"avia_8_1\">Please prove that you are human by solving the equation <abbr class=\"required\" title=\"required\">*<\/abbr><\/label><input name=\"avia_8_1\" class=\"text_input captcha\" type=\"text\" id=\"avia_8_1\" value=\"\"\/><\/p><p class=\"form_element \"><input type=\"hidden\" value=\"1\" name=\"avia_generated_form1\" \/><input type=\"submit\" value=\"Send\" class=\"button\"  data-sending-label=\"Sending\"\/><\/p><\/fieldset><\/form><div id=\"ajaxresponse_1\" class=\"ajaxresponse ajaxresponse_1 hidden\"><\/div><\/p>\n<\/div><\/div>\n<\/div>\n<div id='av-layout-grid-2'  class='av-layout-grid-container av-c30jsls-9b29d8816d25cf1a58e01b25b38b9ab7 entry-content-wrapper main_color av-flex-cells  avia-builder-el-9  el_after_av_layout_row  avia-builder-el-last  no-column text av-cell-min-height av-cell-min-height-50 grid-row-not-first  container_wrap fullsize'   data-av_minimum_height_pc='50'>\n\n<style type=\"text\/css\" data-created_by=\"avia_inline_auto\" id=\"style-css-av-14cyghc-2f341cf14cb29a028b912b458305e6ed\">\n.flex_cell.av-14cyghc-2f341cf14cb29a028b912b458305e6ed{\nvertical-align:top;\n}\n.responsive #top #wrap_all .flex_cell.av-14cyghc-2f341cf14cb29a028b912b458305e6ed{\npadding:80px 70px 60px 90px !important;\n}\n\n@media only screen and (max-width: 479px){ \n.responsive #top #wrap_all .flex_cell.av-14cyghc-2f341cf14cb29a028b912b458305e6ed{\npadding:40px 40px 40px 40px !important;\n}\n}\n<\/style>\n<div class='flex_cell av-14cyghc-2f341cf14cb29a028b912b458305e6ed av-gridrow-cell av_one_half no_margin  avia-builder-el-10  el_before_av_cell_one_half  avia-builder-el-first  text-block content-align-top'  ><div class='flex_cell_inner'><p>\n<style type=\"text\/css\" data-created_by=\"avia_inline_auto\" id=\"style-css-av-mk0caqx5-8b71190eb42db4dac77937c24b3626eb\">\n#top .av-special-heading.av-mk0caqx5-8b71190eb42db4dac77937c24b3626eb{\npadding-bottom:10px;\ncolor:#202945;\nfont-size:38px;\n}\nbody .av-special-heading.av-mk0caqx5-8b71190eb42db4dac77937c24b3626eb .av-special-heading-tag .heading-char{\nfont-size:25px;\n}\n#top #wrap_all .av-special-heading.av-mk0caqx5-8b71190eb42db4dac77937c24b3626eb .av-special-heading-tag{\nfont-size:38px;\n}\n.av-special-heading.av-mk0caqx5-8b71190eb42db4dac77937c24b3626eb .special-heading-inner-border{\nborder-color:#edae44;\n}\n.av-special-heading.av-mk0caqx5-8b71190eb42db4dac77937c24b3626eb .av-subheading{\nfont-size:14px;\ncolor:#848484;\n}\nbody .av-special-heading.av-mk0caqx5-8b71190eb42db4dac77937c24b3626eb .av-special-heading-tag .heading-wrap:before{\nborder-color:#edae44;\n}\nbody .av-special-heading.av-mk0caqx5-8b71190eb42db4dac77937c24b3626eb .av-special-heading-tag .heading-wrap:after{\nborder-color:#edae44;\n}\n\n@media only screen and (min-width: 480px) and (max-width: 767px){ \n#top #wrap_all .av-special-heading.av-mk0caqx5-8b71190eb42db4dac77937c24b3626eb .av-special-heading-tag{\nfont-size:0.8em;\n}\n}\n\n@media only screen and (max-width: 479px){ \n#top #wrap_all .av-special-heading.av-mk0caqx5-8b71190eb42db4dac77937c24b3626eb .av-special-heading-tag{\nfont-size:0.8em;\n}\n}\n<\/style>\n<div  class='av-special-heading av-mk0caqx5-8b71190eb42db4dac77937c24b3626eb av-special-heading-h2 custom-color-heading blockquote modern-quote  avia-builder-el-11  el_before_av_textblock  avia-builder-el-first  av-inherit-size'><h2 class='av-special-heading-tag '  itemprop=\"headline\"  >Corporate offices<\/h2><div class=\"special-heading-border\"><div class=\"special-heading-inner-border\"><\/div><\/div><\/div><br \/>\n\n<style type=\"text\/css\" data-created_by=\"avia_inline_auto\" id=\"style-css-av-mmkors79-edef0108181f7c0014c1490d9c3c4c57\">\n#top .av_textblock_section.av-mmkors79-edef0108181f7c0014c1490d9c3c4c57 .avia_textblock{\nfont-size:20px;\npadding:14px 0 0 0;\n}\n<\/style>\n<section  class='av_textblock_section av-mmkors79-edef0108181f7c0014c1490d9c3c4c57 '   itemscope=\"itemscope\" itemtype=\"https:\/\/schema.org\/CreativeWork\" ><div class='avia_textblock'  itemprop=\"text\" ><p>Our offices in Mexico City allow us to be present where the most important negotiations in the country take place.<\/p>\n<\/div><\/section><br \/>\n<div  class='hr av-1071sqt-186b6d5dd49702345ca95a65791298aa hr-default  avia-builder-el-13  el_after_av_textblock  el_before_av_icon_box '><span class='hr-inner '><span class=\"hr-inner-style\"><\/span><\/span><\/div><br \/>\n\n<style type=\"text\/css\" data-created_by=\"avia_inline_auto\" id=\"style-css-av-mmo7mfdh-db370ef08f47a0b70edf2e3972c24e22\">\n.iconbox.av-mmo7mfdh-db370ef08f47a0b70edf2e3972c24e22 .iconbox_icon{\nbackground-color:#f18900;\ncolor:#ffffff;\n}\n.iconbox.av-mmo7mfdh-db370ef08f47a0b70edf2e3972c24e22 .iconbox_icon.avia-svg-icon svg:first-child{\nfill:#ffffff;\nstroke:#ffffff;\n}\n.iconbox.av-mmo7mfdh-db370ef08f47a0b70edf2e3972c24e22 .iconbox_content_container{\nfont-size:18px;\n}\n<\/style>\n<article  class='iconbox iconbox_left_content av-mmo7mfdh-db370ef08f47a0b70edf2e3972c24e22  avia-builder-el-14  el_after_av_hr  el_before_av_hr '  itemscope=\"itemscope\" itemtype=\"https:\/\/schema.org\/CreativeWork\" ><div class='iconbox_icon heading-color avia-iconfont avia-font-entypo-fontello' data-av_icon='\ue8bb' data-av_iconfont='entypo-fontello'  ><\/div><div class=\"iconbox_content\"><header class=\"entry-content-header\" aria-label=\"Icon: Address\"><h3 class='iconbox_content_title '  itemprop=\"headline\" >Address<\/h3><\/header><div class='iconbox_content_container '  itemprop=\"text\" ><p>Prolongaci\u00f3n Paseo de la Reforma 1015 Torre A Piso 21. Col. Santa Fe Cuajimalpa, C.P. 05348 Ciudad de M\u00e9xico, M\u00e9xico<\/p>\n<\/div><\/div><footer class=\"entry-footer\"><\/footer><\/article><br \/>\n<div  class='hr av-qynhph-8e627d28a69f16eca3d710c9cba6f44f hr-default  avia-builder-el-15  el_after_av_icon_box  el_before_av_icon_box '><span class='hr-inner '><span class=\"hr-inner-style\"><\/span><\/span><\/div><br \/>\n\n<style type=\"text\/css\" data-created_by=\"avia_inline_auto\" id=\"style-css-av-mmo7ymyv-59d44fd39120405644d3fc7bb12b23e5\">\n.iconbox.av-mmo7ymyv-59d44fd39120405644d3fc7bb12b23e5 .iconbox_icon{\nbackground-color:#f18900;\ncolor:#ffffff;\n}\n.iconbox.av-mmo7ymyv-59d44fd39120405644d3fc7bb12b23e5 .iconbox_icon.avia-svg-icon svg:first-child{\nfill:#ffffff;\nstroke:#ffffff;\n}\n.iconbox.av-mmo7ymyv-59d44fd39120405644d3fc7bb12b23e5 .iconbox_content_container{\nfont-size:18px;\n}\n<\/style>\n<article  class='iconbox iconbox_left_content av-mmo7ymyv-59d44fd39120405644d3fc7bb12b23e5  avia-builder-el-16  el_after_av_hr  avia-builder-el-last '  itemscope=\"itemscope\" itemtype=\"https:\/\/schema.org\/CreativeWork\" ><div class='iconbox_icon heading-color avia-svg-icon avia-font-svg_entypo-fontello' data-av_svg_icon='phone' data-av_iconset='svg_entypo-fontello' ><svg version=\"1.1\" xmlns=\"http:\/\/www.w3.org\/2000\/svg\" width=\"26\" height=\"32\" viewBox=\"0 0 26 32\" preserveAspectRatio=\"xMidYMid meet\" aria-labelledby='av-svg-title-1' aria-describedby='av-svg-desc-1' role=\"graphics-symbol\">\n<title id='av-svg-title-1'>Phone<\/title>\n<desc id='av-svg-desc-1'>Phone<\/desc>\n<path d=\"M14.752 17.92q5.184-5.184 3.776-6.592l-0.256-0.256q-0.96-0.96-1.312-1.536t-0.128-1.728 1.568-2.816q0.64-0.768 1.184-1.248t1.12-0.512 0.96-0.032 0.928 0.416 0.768 0.576 0.832 0.8 0.672 0.704q1.536 1.536-0.192 6.208t-6.528 9.408q-4.8 4.8-9.44 6.56t-6.176 0.224q-0.064-0.064-0.736-0.704t-0.8-0.8-0.576-0.768-0.416-0.992 0.064-0.96 0.48-1.12 1.216-1.184q1.344-1.088 2.24-1.504t1.728-0.064 1.12 0.576 1.248 1.184q1.408 1.408 6.656-3.84z\"><\/path>\n<\/svg><\/div><div class=\"iconbox_content\"><header class=\"entry-content-header\" aria-label=\"Icon: Phone\"><h3 class='iconbox_content_title '  itemprop=\"headline\" >Phone<\/h3><\/header><div class='iconbox_content_container '  itemprop=\"text\" ><p>+52 (55) 9177 2100<\/p>\n<\/div><\/div><footer class=\"entry-footer\"><\/footer><\/article><\/p>\n<\/div><\/div>\n<style type=\"text\/css\" data-created_by=\"avia_inline_auto\" id=\"style-css-av-3tjcj4-88800667c6fc918551f251f2aaf8000c\">\n.flex_cell.av-3tjcj4-88800667c6fc918551f251f2aaf8000c{\nvertical-align:top;\nbackground-color:#eeeeee;\n}\n.responsive #top #wrap_all .flex_cell.av-3tjcj4-88800667c6fc918551f251f2aaf8000c{\npadding:0px 0px 0px 0px !important;\n}\n\n@media only screen and (max-width: 479px){ \n.responsive #top #wrap_all .flex_cell.av-3tjcj4-88800667c6fc918551f251f2aaf8000c{\npadding:40px 40px 40px 40px !important;\n}\n}\n<\/style>\n<div class='flex_cell av-3tjcj4-88800667c6fc918551f251f2aaf8000c av-gridrow-cell av_one_half no_margin  avia-builder-el-17  el_after_av_cell_one_half  avia-builder-el-last  text-block content-align-top'  ><div class='flex_cell_inner'>\n<\/div><\/div>\n<\/div>\n","protected":false},"excerpt":{"rendered":"","protected":false},"author":1,"featured_media":23811,"parent":0,"menu_order":0,"comment_status":"closed","ping_status":"closed","template":"","meta":{"_acf_changed":false,"footnotes":""},"class_list":["post-25251","page","type-page","status-publish","has-post-thumbnail","hentry"],"acf":[],"_links":{"self":[{"href":"https:\/\/v2.nrgibroker.com\/en\/wp-json\/wp\/v2\/pages\/25251","targetHints":{"allow":["GET"]}}],"collection":[{"href":"https:\/\/v2.nrgibroker.com\/en\/wp-json\/wp\/v2\/pages"}],"about":[{"href":"https:\/\/v2.nrgibroker.com\/en\/wp-json\/wp\/v2\/types\/page"}],"author":[{"embeddable":true,"href":"https:\/\/v2.nrgibroker.com\/en\/wp-json\/wp\/v2\/users\/1"}],"replies":[{"embeddable":true,"href":"https:\/\/v2.nrgibroker.com\/en\/wp-json\/wp\/v2\/comments?post=25251"}],"version-history":[{"count":6,"href":"https:\/\/v2.nrgibroker.com\/en\/wp-json\/wp\/v2\/pages\/25251\/revisions"}],"predecessor-version":[{"id":25596,"href":"https:\/\/v2.nrgibroker.com\/en\/wp-json\/wp\/v2\/pages\/25251\/revisions\/25596"}],"wp:featuredmedia":[{"embeddable":true,"href":"https:\/\/v2.nrgibroker.com\/en\/wp-json\/wp\/v2\/media\/23811"}],"wp:attachment":[{"href":"https:\/\/v2.nrgibroker.com\/en\/wp-json\/wp\/v2\/media?parent=25251"}],"curies":[{"name":"wp","href":"https:\/\/api.w.org\/{rel}","templated":true}]}}